{"id":852,"date":"2022-05-03T00:39:47","date_gmt":"2022-05-03T00:39:47","guid":{"rendered":"https:\/\/vivafarmhouse.com\/terms-conditions\/"},"modified":"2022-05-12T17:56:26","modified_gmt":"2022-05-12T17:56:26","slug":"terms-conditions","status":"publish","type":"page","link":"https:\/\/vivafarmhouse.com\/en\/terms-conditions\/","title":{"rendered":"TERMS &amp; CONDITIONS"},"content":{"rendered":"<p>[et_pb_section fb_built=&#8221;1&#8243; _builder_version=&#8221;4.17.1&#8243; _module_preset=&#8221;default&#8221; background_color=&#8221;rgba(159,164,93,0.3)&#8221; background_image=&#8221;https:\/\/vivafarmhouse.com\/wp-content\/uploads\/2022\/04\/header-base-branca.png&#8221; background_size=&#8221;initial&#8221; background_position=&#8221;bottom_center&#8221; min_height_tablet=&#8221;auto&#8221; min_height_phone=&#8221;auto&#8221; min_height_last_edited=&#8221;on|phone&#8221; custom_margin_tablet=&#8221;&#8221; custom_margin_phone=&#8221;50px||||false|false&#8221; custom_margin_last_edited=&#8221;on|phone&#8221; custom_padding=&#8221;||0px||false|false&#8221; locked=&#8221;off&#8221; global_colors_info=&#8221;{}&#8221;][et_pb_row use_custom_gutter=&#8221;on&#8221; gutter_width=&#8221;1&#8243; make_equal=&#8221;on&#8221; _builder_version=&#8221;4.17.1&#8243; _module_preset=&#8221;default&#8221; custom_margin=&#8221;0px||0px||true|false&#8221; custom_padding=&#8221;0px||0px||true|false&#8221; global_colors_info=&#8221;{}&#8221;][et_pb_column type=&#8221;4_4&#8243; _builder_version=&#8221;4.17.1&#8243; _module_preset=&#8221;default&#8221; global_colors_info=&#8221;{}&#8221;][et_pb_text _builder_version=&#8221;4.17.1&#8243; _module_preset=&#8221;default&#8221; header_font=&#8221;|300|||||||&#8221; header_text_align=&#8221;left&#8221; header_text_color=&#8221;#231f20&#8243; header_font_size=&#8221;40px&#8221; background_image=&#8221;https:\/\/vivafarmhouse.com\/wp-content\/uploads\/2022\/04\/botao-tracejado-preta.png&#8221; background_size=&#8221;initial&#8221; background_position=&#8221;bottom_right&#8221; background_repeat=&#8221;repeat-x&#8221; width_tablet=&#8221;300px&#8221; width_phone=&#8221;240px&#8221; width_last_edited=&#8221;off|desktop&#8221; height=&#8221;50px&#8221; height_tablet=&#8221;50px&#8221; height_phone=&#8221;50px&#8221; height_last_edited=&#8221;on|phone&#8221; custom_margin_tablet=&#8221;0px||28px||false|false&#8221; custom_margin_phone=&#8221;||47px||false|false&#8221; custom_margin_last_edited=&#8221;off|desktop&#8221; animation_style=&#8221;slide&#8221; animation_direction=&#8221;right&#8221; header_text_align_tablet=&#8221;left&#8221; header_text_align_phone=&#8221;center&#8221; header_text_align_last_edited=&#8221;on|phone&#8221; header_font_size_tablet=&#8221;40px&#8221; header_font_size_phone=&#8221;37px&#8221; header_font_size_last_edited=&#8221;on|phone&#8221; module_alignment_tablet=&#8221;&#8221; module_alignment_phone=&#8221;center&#8221; module_alignment_last_edited=&#8221;on|phone&#8221; global_colors_info=&#8221;{}&#8221; width__hover_enabled=&#8221;off|desktop&#8221;]<\/p>\n<h1>TERMS &amp; CONDITIONS<\/h1>\n<p>[\/et_pb_text][et_pb_text _builder_version=&#8221;4.17.1&#8243; _module_preset=&#8221;default&#8221; text_font=&#8221;|300|||||||&#8221; text_text_color=&#8221;#231f20&#8243; text_font_size=&#8221;20px&#8221; text_line_height=&#8221;1.4em&#8221; custom_margin=&#8221;36px||47px||false|false&#8221; animation_style=&#8221;slide&#8221; animation_direction=&#8221;right&#8221; global_colors_info=&#8221;{}&#8221;]<\/p>\n<p>The terms and conditions contained in this document will apply to the relationship between the visitor and Viva!FarmHouse from the moment the reservation is requested until the moment the period of accommodation at the hotel ends.<\/p>\n<p>Where the Terms and Conditions are omitted, the Portuguese legislation in force will apply.<br \/>The Viva! FarmHouse, NIF 516068342, reserves the right to change these Terms of Use at any time, limiting itself to putting the changes online on the Website, being the User&#8217;s sole responsibility to verify and comply with them at each use. Use of the Website following the posting of changes constitutes acceptance of the updated wording of the Terms. If you do not agree with the changes made or, in general, with the Terms of Use, we advise you to immediately stop using the Site and Services.<\/p>\n<p>By accessing, using and downloading materials from the Website, the User agrees, on his behalf and\/or on behalf of the entity on whose behalf he is acting, to comply with the provisions of these Terms of Use, guaranteeing that he is empowered to act on behalf of the third party you represent, if that is the case.<\/p>\n<p>Access to the Services by any means other than through the interface provided by Viva! is expressly prohibited. Farm House.<\/p>\n<p>It is expressly prohibited to use the Website for purposes other than those for which the Website is intended, including illegal purposes or any other that may be considered harmful to Viva!&#8217;s image! FarmHouse before the market. Usurpation, plagiarism of content and unfair competition are punishable by law.<\/p>\n<p>\u00c9 tamb\u00e9m proibido ao Utilizador criar ou introduzir neste Website quaisquer tipos de v\u00edrus ou programas que o danifiquem ou contaminem ou incentivar terceiros a faz\u00ea-lo com o intuito de prejudicar a entidade em quest\u00e3o ou entidades devidamente identificadas como parceiras.<br \/>The Viva! FarmHouse reserva-se o direito de:<\/p>\n<p>Modificar, acrescentar ou remover partes dos Termos de Utiliza\u00e7\u00e3o diariamente e em qualquer per\u00edodo.<br \/>Modificar ou terminar os Servi\u00e7os por qualquer motivo e sem notifica\u00e7\u00e3o pr\u00e9via em qualquer altura<br \/>Remover Contas de Utilizadores cujo conte\u00fado seja il\u00edcito ou ofensivo para a entidade ou outros Utilizadores.<br \/>Na medida do permitido pela legisla\u00e7\u00e3o, a Viva! FarmHouse n\u00e3o assume qualquer responsabilidade perante o utilizador por quaisquer danos resultantes de:<\/p>\n<p>&#8211; Quaisquer ju\u00edzo do utilizador quanto \u00e0 integridade, precis\u00e3o ou exist\u00eancia de qualquer an\u00fancio, cuja publicidade \u00e9 apresentada nos servi\u00e7os da Viva!FarmHouse.<br \/>&#8211; De quaisquer altera\u00e7\u00f5es que a mesma possa fazer aos servi\u00e7os ou anula\u00e7\u00e3o permanente ou tempor\u00e1rio de alguma funcionalidade ou servi\u00e7o.<br \/>&#8211; Da elimina\u00e7\u00e3o ou erro de armazenamento de quaisquer conte\u00fados ou comunica\u00e7\u00f5es mantidas atrav\u00e9s da utiliza\u00e7\u00e3o dos servi\u00e7os<br \/>&#8211; Da viola\u00e7\u00e3o por parte do Utilizador direta ou indireta dos termos de utiliza\u00e7\u00e3o apresentados.<br \/>&#8211; Da n\u00e3o manuten\u00e7\u00e3o da confidencialidade da palavra-passe ou conta do Utilizador.<\/p>\n<p>A responsabilidade da entidade a t\u00edtulo de indemniza\u00e7\u00e3o por quaisquer danos emergentes e lucros cessantes relacionados com o site e com os servi\u00e7os, causados pela Viva! FarmHouse seus representantes ou auxiliares est\u00e1 limitada aos casos em que atue com dolo ou culpa grave. Caso discorde, parcial ou totalmente, do site ou dos servi\u00e7os, ou ainda dos termos de uso, disp\u00f5e apenas da capacidade de deixar de utilizar o site ou os servi\u00e7os, conforme aplic\u00e1vel, e de exigir o cancelamento da sua conta de utilizador.<\/p>\n<p>Quaisquer notifica\u00e7\u00f5es e comunica\u00e7\u00f5es da Viva! FarmHouse para o Utilizador ao abrigo dos Termos de Utiliza\u00e7\u00e3o devem ser preferencialmente efetuadas para o endere\u00e7o de email ou para a morada disponibilizados no Website.<\/p>\n<p>Caso o Cliente n\u00e3o compare\u00e7a no Hotel at\u00e9 \u00e0s 23:59 da data de entrada indicada no comprovativo de reserva e n\u00e3o apresente aviso at\u00e9 ao momento, o Viva! FarmHouse pode desconsiderar a reserva e vender novamente o alojamento reservado, situa\u00e7\u00e3o pela qual a Viva! FarmHouse n\u00e3o pode ser responsabilizada.<\/p>\n<p>O Cliente deve cumprir com o regulamento interno de utiliza\u00e7\u00e3o do Alojamento, n\u00e3o podendo a Viva! FarmHouse ser responsabilizada por preju\u00edzos sofridos pelo Cliente em consequ\u00eancia de n\u00e3o respeitar o mesmo.<\/p>\n<p>O Cliente deve pagar a quantia indicada no formul\u00e1rio de reserva como requisito pr\u00e9vio para poder usufruir da reserva contratada. No momento de check-in pagar\u00e1 o restante valor. No caso de cancelamento ou reagendamento dever\u00e1 respeitar as regras estabelecidas na Pol\u00edtica de Cancelamento apresentada tanto no momento da reserva como no Website. Consulte aqui: (<a href=\"https:\/\/vivafarmhouse.com\/en\/cancellation-policy\/\">pol\u00edtica de cancelamento<\/a>)<br \/>O cancelamento de reservas poder\u00e1 implicar a perda do montante parcial ou total da reserva a favor da Viva! FarmHouse, de acordo com a pol\u00edtica de cancelamento da tarifa escolhida.<\/p>\n<p>Todos os pre\u00e7os s\u00e3o apresentados com IVA\/impostos de venda e quaisquer outros impostos (sujeitos a altera\u00e7\u00e3o dos mesmos) e taxas a menos que esteja expresso de outra forma no Website.<\/p>\n<p>[\/et_pb_text][\/et_pb_column][\/et_pb_row][\/et_pb_section]<\/p>\n","protected":false},"excerpt":{"rendered":"<p>TERMS &amp; CONDITIONSThe terms and conditions contained in this document will apply to the relationship between the visitor and Viva!FarmHouse from the moment the reservation is requested until the moment the period of accommodation at the hotel ends. Where the Terms and Conditions are omitted, the Portuguese legislation in force will apply.The Viva! FarmHouse, NIF [&hellip;]<\/p>\n","protected":false},"author":1,"featured_media":0,"parent":0,"menu_order":0,"comment_status":"closed","ping_status":"closed","template":"","meta":{"_et_pb_use_builder":"on","_et_pb_old_content":"","_et_gb_content_width":"","footnotes":""},"class_list":["post-852","page","type-page","status-publish","hentry"],"_links":{"self":[{"href":"https:\/\/vivafarmhouse.com\/en\/wp-json\/wp\/v2\/pages\/852","targetHints":{"allow":["GET"]}}],"collection":[{"href":"https:\/\/vivafarmhouse.com\/en\/wp-json\/wp\/v2\/pages"}],"about":[{"href":"https:\/\/vivafarmhouse.com\/en\/wp-json\/wp\/v2\/types\/page"}],"author":[{"embeddable":true,"href":"https:\/\/vivafarmhouse.com\/en\/wp-json\/wp\/v2\/users\/1"}],"replies":[{"embeddable":true,"href":"https:\/\/vivafarmhouse.com\/en\/wp-json\/wp\/v2\/comments?post=852"}],"version-history":[{"count":13,"href":"https:\/\/vivafarmhouse.com\/en\/wp-json\/wp\/v2\/pages\/852\/revisions"}],"predecessor-version":[{"id":1198,"href":"https:\/\/vivafarmhouse.com\/en\/wp-json\/wp\/v2\/pages\/852\/revisions\/1198"}],"wp:attachment":[{"href":"https:\/\/vivafarmhouse.com\/en\/wp-json\/wp\/v2\/media?parent=852"}],"curies":[{"name":"wp","href":"https:\/\/api.w.org\/{rel}","templated":true}]}}