{"id":1188,"date":"2022-05-12T17:54:06","date_gmt":"2022-05-12T17:54:06","guid":{"rendered":"https:\/\/vivafarmhouse.com\/cancellation-policy\/"},"modified":"2022-05-12T17:54:07","modified_gmt":"2022-05-12T17:54:07","slug":"cancellation-policy","status":"publish","type":"page","link":"https:\/\/vivafarmhouse.com\/en\/cancellation-policy\/","title":{"rendered":"CANCELLATION POLICY"},"content":{"rendered":"<p>[et_pb_section fb_built=&#8221;1&#8243; _builder_version=&#8221;4.17.1&#8243; _module_preset=&#8221;default&#8221; background_color=&#8221;rgba(159,164,93,0.3)&#8221; background_image=&#8221;https:\/\/vivafarmhouse.com\/wp-content\/uploads\/2022\/04\/header-base-branca.png&#8221; background_size=&#8221;initial&#8221; background_position=&#8221;bottom_center&#8221; min_height_tablet=&#8221;auto&#8221; min_height_phone=&#8221;auto&#8221; min_height_last_edited=&#8221;on|phone&#8221; custom_padding=&#8221;||0px||false|false&#8221; locked=&#8221;off&#8221; global_colors_info=&#8221;{}&#8221;][et_pb_row use_custom_gutter=&#8221;on&#8221; gutter_width=&#8221;1&#8243; make_equal=&#8221;on&#8221; _builder_version=&#8221;4.17.1&#8243; _module_preset=&#8221;default&#8221; custom_margin=&#8221;0px||0px||true|false&#8221; custom_padding=&#8221;0px||0px||true|false&#8221; global_colors_info=&#8221;{}&#8221;][et_pb_column type=&#8221;4_4&#8243; _builder_version=&#8221;4.17.1&#8243; _module_preset=&#8221;default&#8221; global_colors_info=&#8221;{}&#8221;][et_pb_text _builder_version=&#8221;4.17.1&#8243; _module_preset=&#8221;default&#8221; header_font=&#8221;|300|||||||&#8221; header_text_align=&#8221;left&#8221; header_text_color=&#8221;#231f20&#8243; header_font_size=&#8221;40px&#8221; background_image=&#8221;https:\/\/vivafarmhouse.com\/wp-content\/uploads\/2022\/04\/botao-tracejado-preta.png&#8221; background_size=&#8221;initial&#8221; background_position=&#8221;bottom_right&#8221; background_repeat=&#8221;repeat-x&#8221; width_tablet=&#8221;300px&#8221; width_phone=&#8221;240px&#8221; width_last_edited=&#8221;off|desktop&#8221; height=&#8221;50px&#8221; height_tablet=&#8221;50px&#8221; height_phone=&#8221;50px&#8221; height_last_edited=&#8221;on|phone&#8221; custom_margin_tablet=&#8221;0px||28px||false|false&#8221; custom_margin_phone=&#8221;||47px||false|false&#8221; custom_margin_last_edited=&#8221;off|desktop&#8221; animation_style=&#8221;slide&#8221; animation_direction=&#8221;right&#8221; header_text_align_tablet=&#8221;left&#8221; header_text_align_phone=&#8221;center&#8221; header_text_align_last_edited=&#8221;on|phone&#8221; header_font_size_tablet=&#8221;40px&#8221; header_font_size_phone=&#8221;37px&#8221; header_font_size_last_edited=&#8221;on|phone&#8221; module_alignment_tablet=&#8221;&#8221; module_alignment_phone=&#8221;center&#8221; module_alignment_last_edited=&#8221;on|phone&#8221; global_colors_info=&#8221;{}&#8221; width__hover_enabled=&#8221;off|desktop&#8221;]<\/p>\n<h1>CANCELLATION POLICY<\/h1>\n<p>[\/et_pb_text][et_pb_text _builder_version=&#8221;4.17.1&#8243; _module_preset=&#8221;default&#8221; text_font=&#8221;|300|||||||&#8221; text_text_color=&#8221;#231f20&#8243; text_font_size=&#8221;20px&#8221; text_line_height=&#8221;1.4em&#8221; custom_margin=&#8221;36px||47px||false|false&#8221; animation_style=&#8221;slide&#8221; animation_direction=&#8221;right&#8221; global_colors_info=&#8221;{}&#8221;]<\/p>\n<p>Para alterar ou cancelar uma reserva contacte a equipa da Viva!FarmHouse ou atrav\u00e9s do email <a href=\"mailto:%20info@vivafarmhouse.com\">info@vivafarmhouse.com<\/a>.<\/p>\n<p>Poder\u00e1 cancelar ou reagendar a sua reserva, gratuitamente, at\u00e9 10 dias antes do seu dia de check-in.<br \/>Se cancelar a sua reserva at\u00e9 48 dias antes da sua data de check-in, ser\u00e1 cobrado 50% do valor da primeira noite da reserva.<\/p>\n<p>No caso de cancelar ap\u00f3s as 48h pr\u00e9vias \u00e0 data de check-in ser\u00e1 cobrada a primeira noite na sua totalidade.<\/p>\n<p>Em caso de \u201cNo Show\u201d ser\u00e1 cobrado o valor total da sua estadia.<br \/>Pode cancelar ou alterar a sua reserva de atividades realizadas pela Viva!FarmHouse de modo gratuito, at\u00e9 24 horas antes do inicio da atividade.<\/p>\n<p>Se cancelar a sua reserva ap\u00f3s esse per\u00edodo, ser\u00e1 cobrado o valor total da atividade.<\/p>\n<p>Qualquer cancelamento dever\u00e1 ser solicitado diretamente a um elemento da equipa ou atrav\u00e9s do e-mail info@vivafarmhouse.com.<br \/>Para cancelar ou alterar atividades associadas a outros parceiros ou fornecedores, externos \u00e0 Viva!FarmHouse, a pol\u00edtica de cancelamento a considerar ser\u00e1 a praticada pelo mesmo parceiro ou fornecedor da atividade.<\/p>\n<p>Pedimos que se tiver mais alguma quest\u00e3o adicional contacte diretamente a equipe da Viva!FarmHouse .<\/p>\n<p>[\/et_pb_text][\/et_pb_column][\/et_pb_row][\/et_pb_section]<\/p>\n","protected":false},"excerpt":{"rendered":"<p>CANCELLATION POLICYPara alterar ou cancelar uma reserva contacte a equipa da Viva!FarmHouse ou atrav\u00e9s do email info@vivafarmhouse.com. Poder\u00e1 cancelar ou reagendar a sua reserva, gratuitamente, at\u00e9 10 dias antes do seu dia de check-in.Se cancelar a sua reserva at\u00e9 48 dias antes da sua data de check-in, ser\u00e1 cobrado 50% do valor da primeira noite [&hellip;]<\/p>\n","protected":false},"author":1,"featured_media":0,"parent":0,"menu_order":0,"comment_status":"closed","ping_status":"closed","template":"","meta":{"_et_pb_use_builder":"on","_et_pb_old_content":"","_et_gb_content_width":"","footnotes":""},"class_list":["post-1188","page","type-page","status-publish","hentry"],"_links":{"self":[{"href":"https:\/\/vivafarmhouse.com\/en\/wp-json\/wp\/v2\/pages\/1188","targetHints":{"allow":["GET"]}}],"collection":[{"href":"https:\/\/vivafarmhouse.com\/en\/wp-json\/wp\/v2\/pages"}],"about":[{"href":"https:\/\/vivafarmhouse.com\/en\/wp-json\/wp\/v2\/types\/page"}],"author":[{"embeddable":true,"href":"https:\/\/vivafarmhouse.com\/en\/wp-json\/wp\/v2\/users\/1"}],"replies":[{"embeddable":true,"href":"https:\/\/vivafarmhouse.com\/en\/wp-json\/wp\/v2\/comments?post=1188"}],"version-history":[{"count":2,"href":"https:\/\/vivafarmhouse.com\/en\/wp-json\/wp\/v2\/pages\/1188\/revisions"}],"predecessor-version":[{"id":1190,"href":"https:\/\/vivafarmhouse.com\/en\/wp-json\/wp\/v2\/pages\/1188\/revisions\/1190"}],"wp:attachment":[{"href":"https:\/\/vivafarmhouse.com\/en\/wp-json\/wp\/v2\/media?parent=1188"}],"curies":[{"name":"wp","href":"https:\/\/api.w.org\/{rel}","templated":true}]}}